{"id":71,"date":"2026-04-24T12:35:06","date_gmt":"2026-04-24T10:35:06","guid":{"rendered":"http:\/\/stureggiane.comune.re.it\/?page_id=71"},"modified":"2026-04-24T12:35:06","modified_gmt":"2026-04-24T10:35:06","slug":"attivita-e-procedimenti","status":"publish","type":"page","link":"https:\/\/stureggiane.comune.re.it\/?page_id=71","title":{"rendered":"Attivit\u00e0 e procedimenti"},"content":{"rendered":"\n<p>La Societ\u00e0 non \u00e8 preposta allo svolgimento di attivit\u00e0 amministrativa<\/p>\n\n\n\n<p><\/p>\n\n\n\n<p><\/p>\n\n\n\n<p><\/p>\n\n\n\n<p><\/p>\n\n\n\n<p><\/p>\n","protected":false},"excerpt":{"rendered":"<p>La Societ\u00e0 non \u00e8 preposta allo svolgimento di attivit\u00e0 amministrativa<\/p>\n","protected":false},"author":4,"featured_media":0,"parent":0,"menu_order":0,"comment_status":"closed","ping_status":"closed","template":"","meta":{"footnotes":""},"class_list":["post-71","page","type-page","status-publish","hentry"],"_links":{"self":[{"href":"https:\/\/stureggiane.comune.re.it\/index.php?rest_route=\/wp\/v2\/pages\/71","targetHints":{"allow":["GET"]}}],"collection":[{"href":"https:\/\/stureggiane.comune.re.it\/index.php?rest_route=\/wp\/v2\/pages"}],"about":[{"href":"https:\/\/stureggiane.comune.re.it\/index.php?rest_route=\/wp\/v2\/types\/page"}],"author":[{"embeddable":true,"href":"https:\/\/stureggiane.comune.re.it\/index.php?rest_route=\/wp\/v2\/users\/4"}],"replies":[{"embeddable":true,"href":"https:\/\/stureggiane.comune.re.it\/index.php?rest_route=%2Fwp%2Fv2%2Fcomments&post=71"}],"version-history":[{"count":29,"href":"https:\/\/stureggiane.comune.re.it\/index.php?rest_route=\/wp\/v2\/pages\/71\/revisions"}],"predecessor-version":[{"id":2654,"href":"https:\/\/stureggiane.comune.re.it\/index.php?rest_route=\/wp\/v2\/pages\/71\/revisions\/2654"}],"wp:attachment":[{"href":"https:\/\/stureggiane.comune.re.it\/index.php?rest_route=%2Fwp%2Fv2%2Fmedia&parent=71"}],"curies":[{"name":"wp","href":"https:\/\/api.w.org\/{rel}","templated":true}]}}