{"id":4,"date":"2015-04-23T17:07:35","date_gmt":"2015-04-23T15:07:35","guid":{"rendered":"http:\/\/stureggiane.comune.re.it\/?page_id=4"},"modified":"2025-11-18T16:54:09","modified_gmt":"2025-11-18T15:54:09","slug":"home","status":"publish","type":"page","link":"https:\/\/stureggiane.comune.re.it\/","title":{"rendered":"home"},"content":{"rendered":"<div id=\"pl-4\"  class=\"panel-layout\" ><div id=\"pg-4-0\"  class=\"panel-grid panel-no-style\" ><div id=\"pgc-4-0-0\"  class=\"panel-grid-cell\" ><div id=\"panel-4-0-0-0\" class=\"so-panel widget widget_bootstrap_custom_menu bootstrapwidgetmenu panel-first-child\" data-index=\"0\" >        <div class=\"panel panel-default\">\n        <div class=\"panel-heading\">La societ\u00e0<\/div>            <div class=\"list-group\">\n        <a title=\"Atto costitutivo\" class=\" menu-item menu-item-type-post_type menu-item-object-page menu-item-402 list-group-item\" href=\"https:\/\/stureggiane.comune.re.it\/?page_id=400\">Atto costitutivo<\/a><\/li>\n<a title=\"Soci\" class=\" menu-item menu-item-type-post_type menu-item-object-page menu-item-97 list-group-item\" href=\"https:\/\/stureggiane.comune.re.it\/?page_id=89\">Soci<\/a><\/li>\n<a title=\"Statuto\" class=\" menu-item menu-item-type-post_type menu-item-object-page menu-item-96 list-group-item\" href=\"https:\/\/stureggiane.comune.re.it\/?page_id=91\">Statuto<\/a><\/li>\n<a title=\"Organigramma\" class=\" menu-item menu-item-type-post_type menu-item-object-page menu-item-562 list-group-item\" href=\"https:\/\/stureggiane.comune.re.it\/?page_id=12\">Organigramma<\/a><\/li>\n<a title=\"Telefono e posta elettronica\" class=\" menu-item menu-item-type-post_type menu-item-object-page menu-item-558 list-group-item\" href=\"https:\/\/stureggiane.comune.re.it\/?page_id=15\">Telefono e posta elettronica<\/a><\/li>\n<a title=\"Provvedimenti\" class=\" menu-item menu-item-type-post_type menu-item-object-page menu-item-583 list-group-item\" href=\"https:\/\/stureggiane.comune.re.it\/?page_id=75\">Provvedimenti<\/a><\/li>\n<a title=\"Privacy\" class=\" menu-item menu-item-type-post_type menu-item-object-page menu-item-2824 list-group-item\" href=\"https:\/\/stureggiane.comune.re.it\/?page_id=2822\">Privacy<\/a><\/li>\n            <\/div>\n        <\/div>\n\n\n        <\/div><div id=\"panel-4-0-0-1\" class=\"so-panel widget widget_bootstrap_custom_menu bootstrapwidgetmenu panel-last-child\" data-index=\"1\" >        <div class=\"panel panel-default\">\n        <div class=\"panel-heading\">Amministrazione trasparente<\/div>            <div class=\"list-group\">\n        <a title=\"Disposizioni generali\" class=\" menu-item menu-item-type-post_type menu-item-object-page menu-item-556 list-group-item\" href=\"https:\/\/stureggiane.comune.re.it\/?page_id=554\">Disposizioni generali<\/a><\/li>\n<a title=\"Organizzazione\" class=\" menu-item menu-item-type-post_type menu-item-object-page menu-item-561 list-group-item\" href=\"https:\/\/stureggiane.comune.re.it\/?page_id=559\">Organizzazione<\/a><\/li>\n<a title=\"Consulenti e collaboratori\" class=\" menu-item menu-item-type-post_type menu-item-object-page menu-item-108 list-group-item\" href=\"https:\/\/stureggiane.comune.re.it\/?page_id=61\">Consulenti e collaboratori<\/a><\/li>\n<a title=\"Personale\" class=\" menu-item menu-item-type-post_type menu-item-object-page menu-item-111 list-group-item\" href=\"https:\/\/stureggiane.comune.re.it\/?page_id=63\">Personale<\/a><\/li>\n<a title=\"Selezione del personale\" class=\" menu-item menu-item-type-post_type menu-item-object-page menu-item-107 list-group-item\" href=\"https:\/\/stureggiane.comune.re.it\/?page_id=65\">Selezione del personale<\/a><\/li>\n<a title=\"Performance\" class=\" menu-item menu-item-type-post_type menu-item-object-page menu-item-566 list-group-item\" href=\"https:\/\/stureggiane.comune.re.it\/?page_id=564\">Performance<\/a><\/li>\n<a title=\"Enti controllati\" class=\" menu-item menu-item-type-post_type menu-item-object-page menu-item-105 list-group-item\" href=\"https:\/\/stureggiane.comune.re.it\/?page_id=69\">Enti controllati<\/a><\/li>\n<a title=\"Attivit\u00e0 e procedimenti\" class=\" menu-item menu-item-type-post_type menu-item-object-page menu-item-104 list-group-item\" href=\"https:\/\/stureggiane.comune.re.it\/?page_id=71\">Attivit\u00e0 e procedimenti<\/a><\/li>\n<a title=\"Bandi di gara e contratti\" class=\" menu-item menu-item-type-post_type menu-item-object-page menu-item-106 list-group-item\" href=\"https:\/\/stureggiane.comune.re.it\/?page_id=67\">Bandi di gara e contratti<\/a><\/li>\n<a title=\"Sovvenzioni, contributi, sussidi economici\" class=\" menu-item menu-item-type-post_type menu-item-object-page menu-item-103 list-group-item\" href=\"https:\/\/stureggiane.comune.re.it\/?page_id=73\">Sovvenzioni, contributi, sussidi economici<\/a><\/li>\n<a title=\"Bilanci\" class=\" menu-item menu-item-type-post_type menu-item-object-page menu-item-2413 list-group-item\" href=\"https:\/\/stureggiane.comune.re.it\/?page_id=2411\">Bilanci<\/a><\/li>\n<a title=\"Beni immobili e gestione del patrimonio\" class=\" menu-item menu-item-type-post_type menu-item-object-page menu-item-546 list-group-item\" href=\"https:\/\/stureggiane.comune.re.it\/?page_id=544\">Beni immobili e gestione del patrimonio<\/a><\/li>\n<a title=\"Controlli e rilievi sull\u2019Amministrazione\" class=\" menu-item menu-item-type-post_type menu-item-object-page menu-item-570 list-group-item\" href=\"https:\/\/stureggiane.comune.re.it\/?page_id=568\">Controlli e rilievi sull\u2019Amministrazione<\/a><\/li>\n<a title=\"Servizi erogati\" class=\" menu-item menu-item-type-post_type menu-item-object-page menu-item-101 list-group-item\" href=\"https:\/\/stureggiane.comune.re.it\/?page_id=77\">Servizi erogati<\/a><\/li>\n<a title=\"Pagamenti\" class=\" menu-item menu-item-type-post_type menu-item-object-page menu-item-468 list-group-item\" href=\"https:\/\/stureggiane.comune.re.it\/?page_id=463\">Pagamenti<\/a><\/li>\n<a title=\"Opere pubbliche\" class=\" menu-item menu-item-type-post_type menu-item-object-page menu-item-467 list-group-item\" href=\"https:\/\/stureggiane.comune.re.it\/?page_id=465\">Opere pubbliche<\/a><\/li>\n<a title=\"Informazioni ambientali\" class=\" menu-item menu-item-type-post_type menu-item-object-page menu-item-100 list-group-item\" href=\"https:\/\/stureggiane.comune.re.it\/?page_id=79\">Informazioni ambientali<\/a><\/li>\n<a title=\"Altri contenuti\" class=\" menu-item menu-item-type-post_type menu-item-object-page menu-item-579 list-group-item\" href=\"https:\/\/stureggiane.comune.re.it\/?page_id=571\">Altri contenuti<\/a><\/li>\n            <\/div>\n        <\/div>\n\n\n        <\/div><\/div><div id=\"pgc-4-0-1\"  class=\"panel-grid-cell\" ><div id=\"panel-4-0-1-0\" class=\"so-panel widget widget_black-studio-tinymce widget_black_studio_tinymce panel-first-child\" data-index=\"2\" ><div class=\"textwidget\"><p><strong>Stu Reggiane -\u00a0Conoscenza, Innovazione, Creativit\u00e0, Memoria \u00b7 Societ\u00e0 per la Trasformazione Urbana in Reggio Emilia<\/strong><\/p>\n<p class=\"western\">STU Reggiane SpA \u00e8 la societ\u00e0 partecipata dal Comune di Reggio Emilia e Iren Rinnovabili Srl che si occupa della riqualificazione dell'area delle Officine Meccaniche Reggiane, in particolare della realizzazione delle infrastrutture del Parco Innovazione, nuovo polo europeo al servizio delle imprese e della ricerca.<\/p>\n<\/div><\/div><div id=\"panel-4-0-1-1\" class=\"so-panel widget widget_sow-image\" data-index=\"3\" ><div\n\t\t\t\n\t\t\tclass=\"so-widget-sow-image so-widget-sow-image-default-8b5b6f678277-4\"\n\t\t\t\n\t\t><h3 class=\"widget-title\"><\/h3>\n<div class=\"sow-image-container\">\n\t\t<img \n\tsrc=\"https:\/\/stureggiane.comune.re.it\/wp-content\/uploads\/2015\/04\/STU_paline.png\" width=\"1968\" height=\"2559\" srcset=\"https:\/\/stureggiane.comune.re.it\/wp-content\/uploads\/2015\/04\/STU_paline.png 1968w, https:\/\/stureggiane.comune.re.it\/wp-content\/uploads\/2015\/04\/STU_paline-231x300.png 231w, https:\/\/stureggiane.comune.re.it\/wp-content\/uploads\/2015\/04\/STU_paline-768x999.png 768w, https:\/\/stureggiane.comune.re.it\/wp-content\/uploads\/2015\/04\/STU_paline-788x1024.png 788w\" sizes=\"(max-width: 1968px) 100vw, 1968px\" alt=\"\" \t\tclass=\"so-widget-image\"\/>\n\t<\/div>\n\n<\/div><\/div><div id=\"panel-4-0-1-2\" class=\"so-panel widget widget_black-studio-tinymce widget_black_studio_tinymce\" data-index=\"4\" ><div class=\"textwidget\"><p>L'ambito di intervento da parte della STU Reggiane si \u00e8 sviluppato e si svilupper\u00e0 su <strong>i seguenti assi principali<\/strong>:<br \/>\n- <strong>riqualificazione di Piazzale Europa<\/strong>, centro fisico e display comunicativo del <a href=\"http:\/\/parcoinnovazione.it\/it\/home\/\"><strong>Parco Innovazione<\/strong><\/a>; la piazza sar\u00e0 un nuovo spazio pubblico multifunzione in grado di generare qualit\u00e0 urbana per l\u2019intero quartiere e la citt\u00e0;<br \/>\n- <strong>riqualificazione, riorganizzazione funzionale e riapertura del braccio storico di viale Ramazzini<\/strong> (collegamento da Via dell\u2019Aeronautica a Piazzale Europa), per rendere pi\u00f9 accessibile l'area rispetto alla viabilit\u00e0 portante e porla in collegamento con le tangenziali;<br \/>\n- <strong>riqualificazione dei capannoni 17 e 18 quali sedi di societ\u00e0, laboratori di ricerca e imprese vocate all'innovazione;<\/strong><\/p>\n<p>- <strong>riqualificazione dei capannoni 15B e 15C che ospitano un incubatore di nuove imprese e spin-off universitari (15 B) e il quarto polo universitario di Reggio Emilia (15 C);<\/strong><\/p>\n<p>-<strong>realizzazione dei progetti Rambla Nord e Rambla Sud nell\u2019ambito delle Agende Trasformative Urbane per lo Sviluppo Sostenibile<\/strong> (ATUSS)<\/p>\n<\/div><\/div><div id=\"panel-4-0-1-3\" class=\"so-panel widget widget_sow-image\" data-index=\"5\" ><div\n\t\t\t\n\t\t\tclass=\"so-widget-sow-image so-widget-sow-image-default-8b5b6f678277-4\"\n\t\t\t\n\t\t><h3 class=\"widget-title\">La fasi del progetto<\/h3>\n<div class=\"sow-image-container\">\n\t\t<img \n\tsrc=\"https:\/\/stureggiane.comune.re.it\/wp-content\/uploads\/2016\/04\/fasi-di-progetto.png\" width=\"1014\" height=\"609\" srcset=\"https:\/\/stureggiane.comune.re.it\/wp-content\/uploads\/2016\/04\/fasi-di-progetto.png 1014w, https:\/\/stureggiane.comune.re.it\/wp-content\/uploads\/2016\/04\/fasi-di-progetto-300x180.png 300w, https:\/\/stureggiane.comune.re.it\/wp-content\/uploads\/2016\/04\/fasi-di-progetto-768x461.png 768w\" sizes=\"(max-width: 1014px) 100vw, 1014px\" title=\"La fasi del progetto\" alt=\"La fasi del progetto\" \t\tclass=\"so-widget-image\"\/>\n\t<\/div>\n\n<\/div><\/div><div id=\"panel-4-0-1-4\" class=\"so-panel widget widget_sow-image\" data-index=\"6\" ><div\n\t\t\t\n\t\t\tclass=\"so-widget-sow-image so-widget-sow-image-default-8b5b6f678277-4\"\n\t\t\t\n\t\t><h3 class=\"widget-title\">Rendering spazio esterno<\/h3>\n<div class=\"sow-image-container\">\n\t\t<img \n\tsrc=\"https:\/\/stureggiane.comune.re.it\/wp-content\/uploads\/2015\/04\/Immagine.png\" width=\"1920\" height=\"1080\" srcset=\"https:\/\/stureggiane.comune.re.it\/wp-content\/uploads\/2015\/04\/Immagine.png 1920w, https:\/\/stureggiane.comune.re.it\/wp-content\/uploads\/2015\/04\/Immagine-300x169.png 300w, https:\/\/stureggiane.comune.re.it\/wp-content\/uploads\/2015\/04\/Immagine-768x432.png 768w, https:\/\/stureggiane.comune.re.it\/wp-content\/uploads\/2015\/04\/Immagine-1024x576.png 1024w\" sizes=\"(max-width: 1920px) 100vw, 1920px\" title=\"Rendering spazio esterno\" alt=\"Rendering spazio esterno\" \t\tclass=\"so-widget-image\"\/>\n\t<\/div>\n\n<\/div><\/div><div id=\"panel-4-0-1-5\" class=\"so-panel widget widget_sow-image\" data-index=\"7\" ><div\n\t\t\t\n\t\t\tclass=\"so-widget-sow-image so-widget-sow-image-default-8b5b6f678277-4\"\n\t\t\t\n\t\t><h3 class=\"widget-title\">Rendering spazi interni<\/h3>\n<div class=\"sow-image-container\">\n\t\t<img \n\tsrc=\"https:\/\/stureggiane.comune.re.it\/wp-content\/uploads\/2015\/04\/c18_01-1.jpg\" width=\"2000\" height=\"1656\" srcset=\"https:\/\/stureggiane.comune.re.it\/wp-content\/uploads\/2015\/04\/c18_01-1.jpg 2000w, https:\/\/stureggiane.comune.re.it\/wp-content\/uploads\/2015\/04\/c18_01-1-300x248.jpg 300w, https:\/\/stureggiane.comune.re.it\/wp-content\/uploads\/2015\/04\/c18_01-1-768x636.jpg 768w, https:\/\/stureggiane.comune.re.it\/wp-content\/uploads\/2015\/04\/c18_01-1-1024x848.jpg 1024w\" sizes=\"(max-width: 2000px) 100vw, 2000px\" title=\"Rendering spazi interni\" alt=\"Rendering spazi interni\" \t\tclass=\"so-widget-image\"\/>\n\t<\/div>\n\n<\/div><\/div><div id=\"panel-4-0-1-6\" class=\"so-panel widget widget_sow-image panel-last-child\" data-index=\"8\" ><div\n\t\t\t\n\t\t\tclass=\"so-widget-sow-image so-widget-sow-image-default-8b5b6f678277-4\"\n\t\t\t\n\t\t><h3 class=\"widget-title\">Il nuovo Capannone 17<\/h3>\n<div class=\"sow-image-container\">\n\t\t<img \n\tsrc=\"https:\/\/stureggiane.comune.re.it\/wp-content\/uploads\/2015\/04\/EXT1.jpg\" width=\"2500\" height=\"1656\" srcset=\"https:\/\/stureggiane.comune.re.it\/wp-content\/uploads\/2015\/04\/EXT1.jpg 2500w, https:\/\/stureggiane.comune.re.it\/wp-content\/uploads\/2015\/04\/EXT1-300x199.jpg 300w, https:\/\/stureggiane.comune.re.it\/wp-content\/uploads\/2015\/04\/EXT1-768x509.jpg 768w, https:\/\/stureggiane.comune.re.it\/wp-content\/uploads\/2015\/04\/EXT1-1024x678.jpg 1024w\" sizes=\"(max-width: 2500px) 100vw, 2500px\" title=\"Il nuovo Capannone 17\" alt=\"Il nuovo Capannone 17\" \t\tclass=\"so-widget-image\"\/>\n\t<\/div>\n\n<\/div><\/div><\/div><\/div><\/div>","protected":false},"excerpt":{"rendered":"<p>Stu Reggiane &#8211;\u00a0Conoscenza, Innovazione, Creativit\u00e0, Memoria \u00b7 Societ\u00e0 per la Trasformazione Urbana in Reggio EmiliaSTU Reggiane SpA \u00e8 la societ\u00e0 partecipata dal Comune di Reggio Emilia e Iren Rinnovabili Srl che si occupa della riqualificazione dell&#8217;area delle Officine Meccaniche Reggiane, in particolare della realizzazione delle infrastrutture del Parco Innovazione, nuovo polo europeo al servizio delle [&hellip;]<\/p>\n","protected":false},"author":1,"featured_media":0,"parent":0,"menu_order":0,"comment_status":"closed","ping_status":"closed","template":"home-page.php","meta":{"footnotes":""},"class_list":["post-4","page","type-page","status-publish","hentry"],"_links":{"self":[{"href":"https:\/\/stureggiane.comune.re.it\/index.php?rest_route=\/wp\/v2\/pages\/4","targetHints":{"allow":["GET"]}}],"collection":[{"href":"https:\/\/stureggiane.comune.re.it\/index.php?rest_route=\/wp\/v2\/pages"}],"about":[{"href":"https:\/\/stureggiane.comune.re.it\/index.php?rest_route=\/wp\/v2\/types\/page"}],"author":[{"embeddable":true,"href":"https:\/\/stureggiane.comune.re.it\/index.php?rest_route=\/wp\/v2\/users\/1"}],"replies":[{"embeddable":true,"href":"https:\/\/stureggiane.comune.re.it\/index.php?rest_route=%2Fwp%2Fv2%2Fcomments&post=4"}],"version-history":[{"count":29,"href":"https:\/\/stureggiane.comune.re.it\/index.php?rest_route=\/wp\/v2\/pages\/4\/revisions"}],"predecessor-version":[{"id":2953,"href":"https:\/\/stureggiane.comune.re.it\/index.php?rest_route=\/wp\/v2\/pages\/4\/revisions\/2953"}],"wp:attachment":[{"href":"https:\/\/stureggiane.comune.re.it\/index.php?rest_route=%2Fwp%2Fv2%2Fmedia&parent=4"}],"curies":[{"name":"wp","href":"https:\/\/api.w.org\/{rel}","templated":true}]}}